{"id":1498,"date":"2022-10-19T14:43:47","date_gmt":"2022-10-19T14:43:47","guid":{"rendered":"https:\/\/avadawebsites.wpengine.com\/business\/?page_id=1498"},"modified":"2025-02-24T09:15:26","modified_gmt":"2025-02-24T09:15:26","slug":"envanter","status":"publish","type":"page","link":"https:\/\/www.aslandenizcilik.com.tr\/index.php\/envanter\/","title":{"rendered":"envanter"},"content":{"rendered":"<p><div class=\"fusion-fullwidth fullwidth-box fusion-builder-row-1 fusion-flex-container has-pattern-background has-mask-background nonhundred-percent-fullwidth non-hundred-percent-height-scrolling\" style=\"--awb-border-radius-top-left:0px;--awb-border-radius-top-right:0px;--awb-border-radius-bottom-right:0px;--awb-border-radius-bottom-left:0px;--awb-padding-right:80px;--awb-padding-left:80px;--awb-margin-top:40px;--awb-flex-wrap:wrap;\" ><div class=\"fusion-builder-row fusion-row fusion-flex-align-items-flex-start fusion-flex-justify-content-center fusion-flex-content-wrap\" style=\"max-width:1372.8px;margin-left: calc(-4% \/ 2 );margin-right: calc(-4% \/ 2 );\"><div class=\"fusion-layout-column fusion_builder_column fusion-builder-column-0 fusion_builder_column_1_1 1_1 fusion-flex-column\" style=\"--awb-bg-size:cover;--awb-width-large:100%;--awb-margin-top-large:0px;--awb-spacing-right-large:1.92%;--awb-margin-bottom-large:0px;--awb-spacing-left-large:1.92%;--awb-width-medium:100%;--awb-order-medium:0;--awb-spacing-right-medium:1.92%;--awb-spacing-left-medium:1.92%;--awb-width-small:100%;--awb-order-small:0;--awb-spacing-right-small:1.92%;--awb-spacing-left-small:1.92%;\"><div class=\"fusion-column-wrapper fusion-column-has-shadow fusion-flex-justify-content-flex-start fusion-content-layout-column\">\n<div class=\"table-1\">\n<table class=\"table table-responsive\">\n<thead>\n<tr>\n<th colspan=\"2\">SGMMSPS TYPE WAGONS<\/th>\n<\/tr>\n<\/thead>\n<tbody>\n<tr>\n<td>Wagon Type<\/td>\n<td>SGMMSPS<\/td>\n<\/tr>\n<tr>\n<td>Length Between Buffers<\/td>\n<td>14.040 mm<\/td>\n<\/tr>\n<tr>\n<td>Loading Length<\/td>\n<td>12.800 mm<\/td>\n<\/tr>\n<tr>\n<td>Axle Pressure<\/td>\n<td>20 Tonne<\/td>\n<\/tr>\n<tr>\n<td>Wagon Net Weight<\/td>\n<td>18.5 tonne<\/td>\n<\/tr>\n<tr>\n<td>Weight Loading Capacity<\/td>\n<td>57 tonne<\/td>\n<\/tr>\n<tr>\n<td>Wagon Base<\/td>\n<td>Tahtas\u0131z<\/td>\n<\/tr>\n<tr>\n<td>Loading Width<\/td>\n<td>2740 mm<\/td>\n<\/tr>\n<tr>\n<td>Side Sewing Count<\/td>\n<td>12<\/td>\n<\/tr>\n<tr>\n<td>Cylinder system<\/td>\n<td>One Cylinder<\/td>\n<\/tr>\n<tr>\n<td>Vagon Cruising Km<\/td>\n<td>100 km\/s<\/td>\n<\/tr>\n<tr>\n<td>Boji Type<\/td>\n<td>Y- 25 Cs<\/td>\n<\/tr>\n<tr>\n<td>Brake Type<\/td>\n<td>KE &#8211; GP 16<\/td>\n<\/tr>\n<tr>\n<td>Transport Features<\/td>\n<td>Container transport (bulk cargo)<\/td>\n<\/tr>\n<\/tbody>\n<\/table>\n<\/div>\n<\/div><\/div><div class=\"fusion-layout-column fusion_builder_column fusion-builder-column-1 fusion_builder_column_1_1 1_1 fusion-flex-column\" style=\"--awb-bg-size:cover;--awb-width-large:100%;--awb-margin-top-large:0px;--awb-spacing-right-large:1.92%;--awb-margin-bottom-large:0px;--awb-spacing-left-large:1.92%;--awb-width-medium:100%;--awb-order-medium:0;--awb-spacing-right-medium:1.92%;--awb-spacing-left-medium:1.92%;--awb-width-small:100%;--awb-order-small:0;--awb-spacing-right-small:1.92%;--awb-spacing-left-small:1.92%;\"><div class=\"fusion-column-wrapper fusion-column-has-shadow fusion-flex-justify-content-flex-start fusion-content-layout-column\">\n<table class=\"table table-responsive\">\n<thead>\n<tr>\n<th colspan=\"2\">SGSS TYPE WAGONS<\/th>\n<\/tr>\n<\/thead>\n<tbody>\n<tr>\n<td>Wagon Type<\/td>\n<td>SGSS<\/td>\n<\/tr>\n<tr>\n<td>Length Between Buffers<\/td>\n<td>20.034 mm<\/td>\n<\/tr>\n<tr>\n<td>Loading Length<\/td>\n<td>19.100 mm<\/td>\n<\/tr>\n<tr>\n<td>Axle Pressure<\/td>\n<td>22.5 ton<\/td>\n<\/tr>\n<tr>\n<td>Wagon Net Weight<\/td>\n<td>25.5 ton<\/td>\n<\/tr>\n<tr>\n<td>Weight Loading Capacity<\/td>\n<td>64.5 ton<\/td>\n<\/tr>\n<tr>\n<td>Wagon Base<\/td>\n<td>Tahtal\u0131<\/td>\n<\/tr>\n<tr>\n<td>Loading Width<\/td>\n<td>2740 mm<\/td>\n<\/tr>\n<tr>\n<td>Side Sewing Count<\/td>\n<td>16 adet<\/td>\n<\/tr>\n<tr>\n<td>Cylinder system<\/td>\n<td>Double Cylender<\/td>\n<\/tr>\n<tr>\n<td>Vagon Cruising Km<\/td>\n<td>120 km\/s<\/td>\n<\/tr>\n<tr>\n<td>Boji Type<\/td>\n<td>Y- 25 Cs<\/td>\n<\/tr>\n<tr>\n<td>Brake Type<\/td>\n<td>KE- GP 16<\/td>\n<\/tr>\n<tr>\n<td>Transport Features<\/td>\n<td>It is suitable for container, heavy construction equipment, log, iron, pallet goods, transformer transportation.<\/td>\n<\/tr>\n<\/tbody>\n<\/table>\n<\/div><\/div><div class=\"fusion-layout-column fusion_builder_column fusion-builder-column-2 fusion_builder_column_1_1 1_1 fusion-flex-column\" style=\"--awb-bg-size:cover;--awb-width-large:100%;--awb-margin-top-large:0px;--awb-spacing-right-large:1.92%;--awb-margin-bottom-large:0px;--awb-spacing-left-large:1.92%;--awb-width-medium:100%;--awb-order-medium:0;--awb-spacing-right-medium:1.92%;--awb-spacing-left-medium:1.92%;--awb-width-small:100%;--awb-order-small:0;--awb-spacing-right-small:1.92%;--awb-spacing-left-small:1.92%;\"><div class=\"fusion-column-wrapper fusion-column-has-shadow fusion-flex-justify-content-flex-start fusion-content-layout-column\">\n<table class=\"table table-responsive\">\n<tbody>\n<tr>\n<th colspan=\"2\">OPEN-CLOSED CONTAINER SEMI TRAILER<\/th>\n<td align=\"left\">Column 2 Value<\/td>\n<td align=\"left\">Column 2 Value<\/td>\n<\/tr>\n<tr>\n<td>Axles and Suspension System<\/td>\n<td>Imported axles with original suspension system, each with 9000 kg drum brake<\/td>\n<td align=\"left\">Column 2 Value 2<\/td>\n<td align=\"left\">Column 2 Value 2<\/td>\n<\/tr>\n<tr>\n<td>Brake system<\/td>\n<td>Air brake system with double-circuit automatic load control valve according to EU standards<\/td>\n<td align=\"left\">Column 2 Value 3<\/td>\n<td align=\"left\">Column 2 Value 3<\/td>\n<\/tr>\n<tr>\n<td>Foot<\/td>\n<td>Single-side controllable double-speed mechanical foot with 24 ton lifting capacity<\/td>\n<td align=\"left\">Column 2 Value 4<\/td>\n<td align=\"left\">Column 2 Value 4<\/td>\n<\/tr>\n<tr>\n<td>Electirical System<\/td>\n<td>24 V electrical system complying with EU standards<\/td>\n<td align=\"left\">Column 2 Value 5<\/td>\n<td align=\"left\">Column 2 Value 5<\/td>\n<\/tr>\n<tr>\n<td>Chassis<\/td>\n<td>High-strength telescopic-type chassis<\/td>\n<td align=\"left\">Column 2 Value 6<\/td>\n<td align=\"left\">Column 2 Value 6<\/td>\n<\/tr>\n<tr>\n<td>King Pin<\/td>\n<td>2 norm in SAE norms<\/td>\n<td align=\"left\">Column 2 Value 7<\/td>\n<td align=\"left\">Column 2 Value 7<\/td>\n<\/tr>\n<tr>\n<td>Rims and Tires<\/td>\n<td>6 + 1 385\/65 \/ R 22,5 tubeless tires and 22,5 adet wheels<\/td>\n<td align=\"left\">Column 2 Value 8<\/td>\n<td align=\"left\">Column 2 Value 8<\/td>\n<\/tr>\n<tr>\n<td>Fill<\/td>\n<td>Vehicle is completely sandblasted, two-coat primer is painted with two-component acrylic paint<\/td>\n<td align=\"left\">Column 2 Value 9<\/td>\n<td align=\"left\">Column 2 Value 9<\/td>\n<\/tr>\n<tr>\n<td>Container Lock<\/td>\n<td>Made of 12 pieces forged steel lock<\/td>\n<td align=\"left\">Column 2 Value 10<\/td>\n<td align=\"left\">Column 2 Value 10<\/td>\n<\/tr>\n<tr>\n<td>Central locking mechanism<\/td>\n<td>Pulse bellows with pneumatic<\/td>\n<td align=\"left\">Column 2 Value 11<\/td>\n<td align=\"left\">Column 2 Value 11<\/td>\n<\/tr>\n<tr>\n<td>Back Platform<\/td>\n<td>Mobile platform used in forklift loading<\/td>\n<td align=\"left\">Column 2 Value 12<\/td>\n<td align=\"left\">Column 2 Value 12<\/td>\n<\/tr>\n<tr>\n<td>Weight and Dimensions<\/td>\n<td><\/td>\n<td align=\"left\">Column 2 Value 13<\/td>\n<td align=\"left\">Column 2 Value 13<\/td>\n<\/tr>\n<tr>\n<td>Total Weight<\/td>\n<td>36.000 Kg<\/td>\n<td align=\"left\">Column 2 Value 14<\/td>\n<td align=\"left\">Column 2 Value 14<\/td>\n<\/tr>\n<\/tbody>\n<\/table>\n<\/div><\/div><div class=\"fusion-layout-column fusion_builder_column fusion-builder-column-3 fusion_builder_column_1_1 1_1 fusion-flex-column\" style=\"--awb-bg-size:cover;--awb-width-large:100%;--awb-margin-top-large:0px;--awb-spacing-right-large:1.92%;--awb-margin-bottom-large:0px;--awb-spacing-left-large:1.92%;--awb-width-medium:100%;--awb-order-medium:0;--awb-spacing-right-medium:1.92%;--awb-spacing-left-medium:1.92%;--awb-width-small:100%;--awb-order-small:0;--awb-spacing-right-small:1.92%;--awb-spacing-left-small:1.92%;\"><div class=\"fusion-column-wrapper fusion-column-has-shadow fusion-flex-justify-content-flex-start fusion-content-layout-column\">\n<table class=\"table table-responsive\">\n<tbody>\n<tr>\n<th colspan=\"2\">LID TRUCK WITH COVER<\/th>\n<td align=\"left\">Column 2 Value<\/td>\n<\/tr>\n<tr>\n<td>Axles and Suspension System<\/td>\n<td>Herbiri 9000 kg kapasiteli kampana frenli orijinal s\u00fcspansiyon sistemli ithal dingiller<\/td>\n<td align=\"left\">Column 2 Value 2<\/td>\n<\/tr>\n<tr>\n<td>Suspension System<\/td>\n<td>36\u2019l\u0131k k\u00f6r\u00fck ile destekli haval\u0131 s\u00fcspansiyon sistemi<\/td>\n<td align=\"left\">Column 2 Value 3<\/td>\n<\/tr>\n<tr>\n<td>Brake system<\/td>\n<td>AB standartlar\u0131na uygun,\u00e7ift devreli otomatik y\u00fck ayar valfli, haval\u0131 fren sistemi<\/td>\n<td align=\"left\">Column 2 Value 4<\/td>\n<\/tr>\n<tr>\n<td>Ayak<\/td>\n<td>24 ton kald\u0131rma kapasiteli, tek taraftan kumanda edilebilen \u00e7ift h\u0131zl\u0131 mekanik ayak<\/td>\n<td align=\"left\">Column 2 Value 5<\/td>\n<\/tr>\n<tr>\n<td>Electirical System<\/td>\n<td>AB standartlar\u0131na uygun 24 V elektrik sistemi<\/td>\n<td align=\"left\">Column 2 Value 6<\/td>\n<\/tr>\n<tr>\n<td>Chasis<\/td>\n<td>Y\u00fcksek mukavemetli \u00e7elikten imal &#8216;I&#8217; kesitli kanatlardan ve &#8216;U&#8217; kesitli kroslardan olu\u015fmu\u015ftur.<\/td>\n<td align=\"left\">Column 2 Value 7<\/td>\n<\/tr>\n<tr>\n<td>King Pin<\/td>\n<td>2\u201d \u00f6l\u00e7\u00fcs\u00fcnde flan\u015fl\u0131 king-pin<\/td>\n<td align=\"left\">Column 2 Value 8<\/td>\n<\/tr>\n<tr>\n<td>Rims and Tires<\/td>\n<td>6+1 adet 385\/65\/R 22,5 tubeless lastik ve 22,5\u201djantlar<\/td>\n<td align=\"left\">Column 2 Value 9<\/td>\n<\/tr>\n<tr>\n<td>Fill<\/td>\n<td>Ara\u00e7 komple kumlan\u0131r,iki kat astar sonras\u0131nda \u00e7ift kompenentli akrilik boya ile boyan\u0131r<\/td>\n<td align=\"left\">Column 2 Value 10<\/td>\n<\/tr>\n<tr>\n<td>Floor<\/td>\n<td>Baklaval\u0131 sac,ah\u015fap,sac veya re\u00e7ineli kontraplak \u015feklinde d\u00f6\u015fenir<\/td>\n<td align=\"left\">Column 2 Value 11<\/td>\n<\/tr>\n<tr>\n<td>Weight and Dimensions<\/td>\n<td>&nbsp;<\/td>\n<td align=\"left\">Column 2 Value 12<\/td>\n<\/tr>\n<tr>\n<td>Total Weight<\/td>\n<td>33.500 Kg<\/td>\n<td align=\"left\">Column 2 Value 13<\/td>\n<\/tr>\n<tr>\n<td>Total Height Max.<\/td>\n<td>2.550 mm<\/td>\n<td align=\"left\">Column 2 Value 14<\/td>\n<\/tr>\n<\/tbody>\n<\/table>\n<\/div><\/div><\/div><\/div><div class=\"fusion-fullwidth fullwidth-box fusion-builder-row-2 fusion-flex-container has-pattern-background has-mask-background nonhundred-percent-fullwidth non-hundred-percent-height-scrolling\" style=\"--awb-border-radius-top-left:0px;--awb-border-radius-top-right:0px;--awb-border-radius-bottom-right:0px;--awb-border-radius-bottom-left:0px;--awb-margin-top:100px;--awb-margin-bottom:120px;--awb-background-color:var(--awb-color8);--awb-flex-wrap:wrap;\" ><div class=\"awb-background-mask\" style=\"background-image:  url(data:image\/svg+xml;utf8,%3Csvg%20width%3D%221920%22%20height%3D%22954%22%20fill%3D%22none%22%20xmlns%3D%22http%3A%2F%2Fwww.w3.org%2F2000%2Fsvg%22%3E%3Cg%20clip-path%3D%22url%28%23prefix__prefix__clip0_77_23452%29%22%3E%3Cpath%20fill-rule%3D%22evenodd%22%20clip-rule%3D%22evenodd%22%20d%3D%22M1353%20308.5c0%20255.507-131.58%20485.45-341.45%20645.5-187.291%20142.83-436.933%20230-711.05%20230C-280.78%201184-752%20792.025-752%20308.5S-280.78-567%20300.5-567c450.743%200%20835.31%20235.692%20985.3%20567%2043.44%2095.948%2067.2%20199.916%2067.2%20308.5z%22%20fill%3D%22rgba%2861%2C67%2C109%2C1%29%22%2F%3E%3Cpath%20d%3D%22M1321.57%20538C1357.08%20287.516%201273.7%2089.91%201127-.418L1374.18-6c65.77%20100.68-15.89%20431.512-52.61%20544zM312%20955c432.242%200%20746.77-180.667%20850-271-90.34%20157.09-176.766%20246.121-208.688%20271H312z%22%20fill%3D%22rgba%2834%2C37%2C61%2C1%29%22%20fill-opacity%3D%22.25%22%2F%3E%3Cpath%20d%3D%22M1344.5%20427c0-252.4-212.67-390.833-319-428.5H1373c70%2082.4%2010.17%20320-28.5%20428.5z%22%20fill%3D%22rgba%2834%2C37%2C61%2C1%29%22%20fill-opacity%3D%22.1%22%2F%3E%3Cpath%20fill-rule%3D%22evenodd%22%20clip-rule%3D%22evenodd%22%20d%3D%22M1337%20184.5c0%20324.402-198.63%20609.049-497.356%20769.5H0V0h1285.8c-149.99-331.308-534.557-567-985.3-567C-280.78-567-752-175.025-752%20308.5c0%2040.898%203.371%2081.142%209.895%20120.549C-617.527%20811.461-207.995%201092%20278%201092c206.311%200%20398.842-50.56%20561.644-138h171.906C1221.42%20793.95%201353%20564.007%201353%20308.5c0-53.218-5.71-105.326-16.64-155.925.42%2010.596.64%2021.239.64%2031.925z%22%20fill%3D%22rgba%2834%2C37%2C61%2C1%29%22%20fill-opacity%3D%22.5%22%2F%3E%3C%2Fg%3E%3Cdefs%3E%3CclipPath%20id%3D%22prefix__prefix__clip0_77_23452%22%3E%3Cpath%20fill%3D%22rgba%2834%2C37%2C61%2C1%29%22%20d%3D%22M0%200h1920v954H0z%22%2F%3E%3C%2FclipPath%3E%3C%2Fdefs%3E%3C%2Fsvg%3E);opacity: 0.3 ;transform: scale(-1, 1);mix-blend-mode:normal;\"><\/div><div class=\"fusion-builder-row fusion-row fusion-flex-align-items-flex-start fusion-flex-content-wrap\" style=\"max-width:1372.8px;margin-left: calc(-4% \/ 2 );margin-right: calc(-4% \/ 2 );\"><div class=\"fusion-layout-column fusion_builder_column fusion-builder-column-4 fusion_builder_column_1_1 1_1 fusion-flex-column\" style=\"--awb-padding-top:45px;--awb-padding-bottom:55px;--awb-bg-size:cover;--awb-width-large:100%;--awb-margin-top-large:0px;--awb-spacing-right-large:1.92%;--awb-margin-bottom-large:0px;--awb-spacing-left-large:1.92%;--awb-width-medium:100%;--awb-order-medium:0;--awb-spacing-right-medium:1.92%;--awb-spacing-left-medium:1.92%;--awb-width-small:100%;--awb-order-small:0;--awb-spacing-right-small:1.92%;--awb-spacing-left-small:1.92%;\"><div class=\"fusion-column-wrapper fusion-column-has-shadow fusion-flex-justify-content-flex-start fusion-content-layout-column\"><div class=\"fusion-post-cards fusion-post-cards-1 fusion-grid-archive fusion-grid-columns-3\" style=\"--awb-column-spacing:0px;--awb-columns:3;--awb-active-filter-border-size:3px;--awb-filters-height:36px;--awb-row-spacing:0px;--awb-columns-small:100%;\"><ul class=\"fusion-grid fusion-grid-3 fusion-flex-align-items-flex-start fusion-grid-posts-cards\"><li class=\"fusion-layout-column fusion_builder_column fusion-builder-column-5 fusion-flex-column post-card fusion-grid-column fusion-post-cards-grid-column\" style=\"--awb-padding-top:20px;--awb-padding-right:40px;--awb-padding-bottom:20px;--awb-padding-left:20px;--awb-bg-blend:overlay;--awb-bg-size:cover;\"><div class=\"fusion-column-wrapper fusion-flex-justify-content-flex-start fusion-content-layout-column\"><div class=\"fusion-meta-tb fusion-meta-tb-1 floated\" style=\"--awb-border-bottom:0px;--awb-border-top:0px;--awb-height:36px;--awb-font-size:15px;--awb-padding-bottom:0px;--awb-text-color:var(--awb-color1);--awb-link-color:var(--awb-color4);--awb-alignment-medium:flex-start;--awb-alignment-small:flex-start;\"><span class=\"fusion-tb-categories\">Categories: <a href=\"https:\/\/www.aslandenizcilik.com.tr\/index.php\/category\/finance\/\" rel=\"category tag\">Finance<\/a><\/span><span class=\"fusion-meta-tb-sep\"><\/span><\/div><div class=\"fusion-title title fusion-title-1 fusion-sep-none fusion-title-text fusion-title-size-four\" style=\"--awb-text-color:var(--awb-color1);--awb-margin-bottom:10px;\"><h4 class=\"fusion-title-heading title-heading-left\" style=\"margin:0;line-height:1.5;\">Streamline exceptional process &#038; unleash your collaboration<\/h4><\/div><div class=\"fusion-separator\" style=\"align-self: flex-start;margin-right:auto;margin-top:20px;width:100%;max-width:80px;\"><div class=\"fusion-separator-border sep-single sep-dotted\" style=\"--awb-height:20px;--awb-amount:20px;--awb-sep-color:var(--awb-color4);border-color:var(--awb-color4);border-top-width:1px;\"><\/div><\/div><div ><a class=\"fusion-button button-flat fusion-button-default-size button-custom fusion-button-default button-1 fusion-button-default-span fusion-button-default-type\" style=\"--button_bevel_color:var(--awb-color5);--button_bevel_color_hover:var(--awb-color8);--button_accent_color:var(--awb-color5);--button_border_color:var(--awb-color4);--button_accent_hover_color:var(--awb-color1);--button_border_hover_color:var(--awb-color5);--button_border_width-top:0px;--button_border_width-right:0px;--button_border_width-bottom:0px;--button_border_width-left:0px;--button_gradient_top_color:hsla(var(--awb-color1-h),var(--awb-color1-s),var(--awb-color1-l),calc(var(--awb-color1-a) - 100%));--button_gradient_bottom_color:hsla(var(--awb-color1-h),var(--awb-color1-s),var(--awb-color1-l),calc(var(--awb-color1-a) - 100%));--button_gradient_top_color_hover:hsla(var(--awb-color1-h),var(--awb-color1-s),var(--awb-color1-l),calc(var(--awb-color1-a) - 100%));--button_gradient_bottom_color_hover:hsla(var(--awb-color1-h),var(--awb-color1-s),var(--awb-color1-l),calc(var(--awb-color1-a) - 100%));--button_text_transform:var(--awb-typography3-text-transform);--button_font_size:var(--awb-typography3-font-size);--button_line_height:var(--awb-typography3-line-height);--button_padding-top:20px;--button_padding-right:40px;--button_padding-bottom:20px;--button_padding-left:40px;--button_typography-letter-spacing:var(--awb-typography3-letter-spacing);--button_typography-font-family:var(--awb-typography3-font-family);--button_typography-font-weight:var(--awb-typography3-font-weight);--button_typography-font-style:var(--awb-typography3-font-style);--button_margin-top:5px;--button_margin-left:-40px;\" target=\"_self\" data-hover=\"icon_slide\" href=\"https:\/\/www.aslandenizcilik.com.tr\/index.php\/2022\/10\/20\/streamline-exceptional-process-unleash-your-collaboration\/\"><span class=\"fusion-button-text\">continue reading<\/span><i class=\"awb-business-long-arrow-alt-right-solid button-icon-right\" aria-hidden=\"true\"><\/i><\/a><\/div><\/div><\/li>\n<li class=\"fusion-layout-column fusion_builder_column fusion-builder-column-6 fusion-flex-column post-card fusion-grid-column fusion-post-cards-grid-column\" style=\"--awb-padding-top:20px;--awb-padding-right:40px;--awb-padding-bottom:20px;--awb-padding-left:20px;--awb-bg-blend:overlay;--awb-bg-size:cover;\"><div class=\"fusion-column-wrapper fusion-flex-justify-content-flex-start fusion-content-layout-column\"><div class=\"fusion-meta-tb fusion-meta-tb-2 floated\" style=\"--awb-border-bottom:0px;--awb-border-top:0px;--awb-height:36px;--awb-font-size:15px;--awb-padding-bottom:0px;--awb-text-color:var(--awb-color1);--awb-link-color:var(--awb-color4);--awb-alignment-medium:flex-start;--awb-alignment-small:flex-start;\"><span class=\"fusion-tb-categories\">Categories: <a href=\"https:\/\/www.aslandenizcilik.com.tr\/index.php\/category\/business-relations\/\" rel=\"category tag\">Business Relations<\/a><\/span><span class=\"fusion-meta-tb-sep\"><\/span><\/div><div class=\"fusion-title title fusion-title-2 fusion-sep-none fusion-title-text fusion-title-size-four\" style=\"--awb-text-color:var(--awb-color1);--awb-margin-bottom:10px;\"><h4 class=\"fusion-title-heading title-heading-left\" style=\"margin:0;line-height:1.5;\">Monetize proactive your e-business &#038; access to accurate experiences<\/h4><\/div><div class=\"fusion-separator\" style=\"align-self: flex-start;margin-right:auto;margin-top:20px;width:100%;max-width:80px;\"><div class=\"fusion-separator-border sep-single sep-dotted\" style=\"--awb-height:20px;--awb-amount:20px;--awb-sep-color:var(--awb-color4);border-color:var(--awb-color4);border-top-width:1px;\"><\/div><\/div><div ><a class=\"fusion-button button-flat fusion-button-default-size button-custom fusion-button-default button-2 fusion-button-default-span fusion-button-default-type\" style=\"--button_bevel_color:var(--awb-color5);--button_bevel_color_hover:var(--awb-color8);--button_accent_color:var(--awb-color5);--button_border_color:var(--awb-color4);--button_accent_hover_color:var(--awb-color1);--button_border_hover_color:var(--awb-color5);--button_border_width-top:0px;--button_border_width-right:0px;--button_border_width-bottom:0px;--button_border_width-left:0px;--button_gradient_top_color:hsla(var(--awb-color1-h),var(--awb-color1-s),var(--awb-color1-l),calc(var(--awb-color1-a) - 100%));--button_gradient_bottom_color:hsla(var(--awb-color1-h),var(--awb-color1-s),var(--awb-color1-l),calc(var(--awb-color1-a) - 100%));--button_gradient_top_color_hover:hsla(var(--awb-color1-h),var(--awb-color1-s),var(--awb-color1-l),calc(var(--awb-color1-a) - 100%));--button_gradient_bottom_color_hover:hsla(var(--awb-color1-h),var(--awb-color1-s),var(--awb-color1-l),calc(var(--awb-color1-a) - 100%));--button_text_transform:var(--awb-typography3-text-transform);--button_font_size:var(--awb-typography3-font-size);--button_line_height:var(--awb-typography3-line-height);--button_padding-top:20px;--button_padding-right:40px;--button_padding-bottom:20px;--button_padding-left:40px;--button_typography-letter-spacing:var(--awb-typography3-letter-spacing);--button_typography-font-family:var(--awb-typography3-font-family);--button_typography-font-weight:var(--awb-typography3-font-weight);--button_typography-font-style:var(--awb-typography3-font-style);--button_margin-top:5px;--button_margin-left:-40px;\" target=\"_self\" data-hover=\"icon_slide\" href=\"https:\/\/www.aslandenizcilik.com.tr\/index.php\/2022\/10\/20\/monetize-proactive-your-e-business-access-to-accurate-experiences\/\"><span class=\"fusion-button-text\">continue reading<\/span><i class=\"awb-business-long-arrow-alt-right-solid button-icon-right\" aria-hidden=\"true\"><\/i><\/a><\/div><\/div><\/li>\n<li class=\"fusion-layout-column fusion_builder_column fusion-builder-column-7 fusion-flex-column post-card fusion-grid-column fusion-post-cards-grid-column\" style=\"--awb-padding-top:20px;--awb-padding-right:40px;--awb-padding-bottom:20px;--awb-padding-left:20px;--awb-bg-blend:overlay;--awb-bg-size:cover;\"><div class=\"fusion-column-wrapper fusion-flex-justify-content-flex-start fusion-content-layout-column\"><div class=\"fusion-meta-tb fusion-meta-tb-3 floated\" style=\"--awb-border-bottom:0px;--awb-border-top:0px;--awb-height:36px;--awb-font-size:15px;--awb-padding-bottom:0px;--awb-text-color:var(--awb-color1);--awb-link-color:var(--awb-color4);--awb-alignment-medium:flex-start;--awb-alignment-small:flex-start;\"><span class=\"fusion-tb-categories\">Categories: <a href=\"https:\/\/www.aslandenizcilik.com.tr\/index.php\/category\/audit-taxation\/\" rel=\"category tag\">Audit &amp; Taxation<\/a><\/span><span class=\"fusion-meta-tb-sep\"><\/span><\/div><div class=\"fusion-title title fusion-title-3 fusion-sep-none fusion-title-text fusion-title-size-four\" style=\"--awb-text-color:var(--awb-color1);--awb-margin-bottom:10px;\"><h4 class=\"fusion-title-heading title-heading-left\" style=\"margin:0;line-height:1.5;\">How to have a fantastic career opportunity with minimal spending<\/h4><\/div><div class=\"fusion-separator\" style=\"align-self: flex-start;margin-right:auto;margin-top:20px;width:100%;max-width:80px;\"><div class=\"fusion-separator-border sep-single sep-dotted\" style=\"--awb-height:20px;--awb-amount:20px;--awb-sep-color:var(--awb-color4);border-color:var(--awb-color4);border-top-width:1px;\"><\/div><\/div><div ><a class=\"fusion-button button-flat fusion-button-default-size button-custom fusion-button-default button-3 fusion-button-default-span fusion-button-default-type\" style=\"--button_bevel_color:var(--awb-color5);--button_bevel_color_hover:var(--awb-color8);--button_accent_color:var(--awb-color5);--button_border_color:var(--awb-color4);--button_accent_hover_color:var(--awb-color1);--button_border_hover_color:var(--awb-color5);--button_border_width-top:0px;--button_border_width-right:0px;--button_border_width-bottom:0px;--button_border_width-left:0px;--button_gradient_top_color:hsla(var(--awb-color1-h),var(--awb-color1-s),var(--awb-color1-l),calc(var(--awb-color1-a) - 100%));--button_gradient_bottom_color:hsla(var(--awb-color1-h),var(--awb-color1-s),var(--awb-color1-l),calc(var(--awb-color1-a) - 100%));--button_gradient_top_color_hover:hsla(var(--awb-color1-h),var(--awb-color1-s),var(--awb-color1-l),calc(var(--awb-color1-a) - 100%));--button_gradient_bottom_color_hover:hsla(var(--awb-color1-h),var(--awb-color1-s),var(--awb-color1-l),calc(var(--awb-color1-a) - 100%));--button_text_transform:var(--awb-typography3-text-transform);--button_font_size:var(--awb-typography3-font-size);--button_line_height:var(--awb-typography3-line-height);--button_padding-top:20px;--button_padding-right:40px;--button_padding-bottom:20px;--button_padding-left:40px;--button_typography-letter-spacing:var(--awb-typography3-letter-spacing);--button_typography-font-family:var(--awb-typography3-font-family);--button_typography-font-weight:var(--awb-typography3-font-weight);--button_typography-font-style:var(--awb-typography3-font-style);--button_margin-top:5px;--button_margin-left:-40px;\" target=\"_self\" data-hover=\"icon_slide\" href=\"https:\/\/www.aslandenizcilik.com.tr\/index.php\/2022\/09\/22\/how-to-have-fantastic-career-opportunities-with-minimal-spending\/\"><span class=\"fusion-button-text\">continue reading<\/span><i class=\"awb-business-long-arrow-alt-right-solid button-icon-right\" aria-hidden=\"true\"><\/i><\/a><\/div><\/div><\/li>\n<\/ul><\/div><\/div><\/div><\/div><\/div><\/p>\n","protected":false},"excerpt":{"rendered":"","protected":false},"author":1,"featured_media":0,"parent":0,"menu_order":0,"comment_status":"closed","ping_status":"closed","template":"100-width.php","meta":{"footnotes":""},"class_list":["post-1498","page","type-page","status-publish","hentry"],"acf":[],"_links":{"self":[{"href":"https:\/\/www.aslandenizcilik.com.tr\/index.php\/wp-json\/wp\/v2\/pages\/1498","targetHints":{"allow":["GET"]}}],"collection":[{"href":"https:\/\/www.aslandenizcilik.com.tr\/index.php\/wp-json\/wp\/v2\/pages"}],"about":[{"href":"https:\/\/www.aslandenizcilik.com.tr\/index.php\/wp-json\/wp\/v2\/types\/page"}],"author":[{"embeddable":true,"href":"https:\/\/www.aslandenizcilik.com.tr\/index.php\/wp-json\/wp\/v2\/users\/1"}],"replies":[{"embeddable":true,"href":"https:\/\/www.aslandenizcilik.com.tr\/index.php\/wp-json\/wp\/v2\/comments?post=1498"}],"version-history":[{"count":9,"href":"https:\/\/www.aslandenizcilik.com.tr\/index.php\/wp-json\/wp\/v2\/pages\/1498\/revisions"}],"predecessor-version":[{"id":3340,"href":"https:\/\/www.aslandenizcilik.com.tr\/index.php\/wp-json\/wp\/v2\/pages\/1498\/revisions\/3340"}],"wp:attachment":[{"href":"https:\/\/www.aslandenizcilik.com.tr\/index.php\/wp-json\/wp\/v2\/media?parent=1498"}],"curies":[{"name":"wp","href":"https:\/\/api.w.org\/{rel}","templated":true}]}}